{"id":455,"date":"2015-02-13T15:14:06","date_gmt":"2015-02-13T13:14:06","guid":{"rendered":"http:\/\/markahikayecisi.com\/?page_id=455"},"modified":"2015-02-16T14:14:55","modified_gmt":"2015-02-16T12:14:55","slug":"kullanim-kosullari","status":"publish","type":"page","link":"https:\/\/markahikayecisi.com\/?page_id=455","title":{"rendered":"Kullan\u0131m Ko\u015fullar\u0131"},"content":{"rendered":"<p>En yeni haberleri, yorumlar\u0131 ve bilgileri okuyucular\u0131yla payla\u015fmak \u00fczere kurulan Markahikayecisi.com\u2019u ziyaret ederek ve ger\u00e7ekle\u015ftirdi\u011fi kampanyalara kat\u0131larak a\u015fa\u011f\u0131daki ko\u015fullar\u0131 pe\u015finen kabul etmi\u015f oldu\u011funuzu bilginize sunar\u0131z.<\/p>\n<p><span style=\"text-decoration: underline;\">\u0130\u00e7erik<\/span><\/p>\n<p>Site i\u00e7eri\u011fi, edit\u00f6r taraf\u0131ndan olu\u015fturulur. Yaz\u0131larda sadece \u00fcr\u00fcnler ve markalarla ilgili ki\u015fisel fikirler\u00a0payla\u015f\u0131lmaktad\u0131r. Verilen bilgilerin ve \u00fcr\u00fcnlerin uygulanmas\u0131ndan ve al\u0131nacak sonu\u00e7tan Markahikayecisi.com sorumlu de\u011fildir.<\/p>\n<p><span style=\"text-decoration: underline;\">Telif Hakk\u0131<\/span><\/p>\n<p>Markahikayecisi.com adresinde yay\u0131nlanan i\u00e7eri\u011fin ve g\u00f6rsellerin telif haklar\u0131 Markahikayecisi.com sitesine aittir, yaz\u0131l\u0131 izin al\u0131nmadan kopyalanamaz, \u00e7o\u011falt\u0131lamaz, ba\u015fka web adreslerine yay\u0131nlanamaz, RSS Feed arac\u0131l\u0131\u011f\u0131yla yay\u0131n ama\u00e7l\u0131 otomatik olarak kullan\u0131lamaz. \u0130\u00e7erikten k\u0131smi al\u0131nt\u0131 yap\u0131ld\u0131\u011f\u0131nda siteye link verilmesi beklenmektedir. \u0130\u00e7erik yaz\u0131lar\u0131n\u0131 kullanmak i\u00e7in yaz\u0131l\u0131 izin istekleri, markahikayecisi@gmail.com adresinden yap\u0131lmal\u0131d\u0131r. Bu sitede yer alan yaz\u0131lar\u0131n ve foto\u011fraflar\u0131n yaz\u0131l\u0131 izin olmadan ba\u015fka bir sitede yay\u0131nlanmas\u0131 fikri haklar kanununa g\u00f6re yasakt\u0131r. Yay\u0131nlanan ilanlar\u0131n sorumlulu\u011fu ise ilan sahiplerine aittir.<\/p>\n<p><span style=\"text-decoration: underline;\">Ziyaret Bilgileri<\/span><\/p>\n<p>Markahikayecisi.com Google Analytics web sitesi ile izlenmektedir. Markahikayecisi.com\u00a0ziyaret edildi\u011finde, Markahikayecisi.com\u2019a hangi IP\u2019den giri\u015f yapt\u0131\u011f\u0131n\u0131z, sitemizde ziyaret etti\u011finiz sayfalar ve her bir sayfa, bilgi formu ve uygulamada ne kadar s\u00fcre harcad\u0131\u011f\u0131n\u0131z gibi genel bilgiler kaydedilir. Bu bilgilerin tutulmas\u0131n\u0131n amac\u0131 siteyi d\u00fczenli olarak izleyerek geli\u015ftirmek ve hizmetlerini iyile\u015ftirmektir.<\/p>\n<p><span style=\"text-decoration: underline;\">Ki\u015fisel Bilgiler<\/span><\/p>\n<p>Bir kullan\u0131c\u0131,Markahikayecisi.com\u00a0\u00fczerinden bir soru g\u00f6nderdi\u011finde, belirli bir hizmet i\u00e7in bilgi formu doldurdu\u011funda ya da kampanyaya ba\u015fvuruda bulundu\u011funda ki\u015fisel bilgileri Markahikayecisi.com\u00a0taraf\u0131ndan kaydedilir. Form alanlar\u0131nda doldurulmas\u0131 zorunlu alanlar arac\u0131l\u0131\u011f\u0131yla kullan\u0131c\u0131dan kendine ait bilgileri vermesi istenebilir. Bu \u015fekilde belirli bir faaliyet i\u00e7in verilmesi zorunlu ki\u015fisel bilgilerin verilmemesi durumunda, kullan\u0131c\u0131 bu faaliyetten faydalanamaz. Markahikayecisi.com\u2019a verdi\u011finiz ileti\u015fim bilgileriniz Markahikayecisi.com\u00a0taraf\u0131ndan e-posta, SMS ve direk posta yolu ile reklam ve tan\u0131t\u0131m ama\u00e7l\u0131 olarak kullan\u0131labilir.<\/p>\n<p><span style=\"text-decoration: underline;\">Ba\u011flant\u0131l\u0131 Siteler<\/span><\/p>\n<p>Markahikayecisi.com, kullan\u0131c\u0131lar\u0131n\u0131 i\u00e7eri\u011fi Markahikayecisi.com\u00a0taraf\u0131ndan kontrol edilmeyen ba\u015fka web sitelerine ta\u015f\u0131yan ba\u011flant\u0131lar i\u00e7ermektedir. Ba\u011flant\u0131 verilmi\u015f olan bu web siteleri, bu s\u00f6zle\u015fmede belirtilen gizlilik h\u00fck\u00fcmlerinden farkl\u0131 ko\u015fullar i\u00e7erebilir. Bu web sitelerinin toplayabilece\u011fi ki\u015fisel bilgilerin derlenmesi, kullan\u0131m\u0131 veya if\u015fa edilmesinden Markahikayecisi.com\u00a0sorumlu de\u011fildir. Markahikayecisi.com\u00a0bu \u015fekilde bir derleme, kullan\u0131m veya if\u015fadan \u00f6t\u00fcr\u00fc ortaya \u00e7\u0131kabilecek zararlar\u0131n sorumlulu\u011funu kabul etmemektedir. Ba\u015fka sitelere ait ba\u011flant\u0131lar\u0131n Markahikayecisi.com\u2019da yer al\u0131yor olmas\u0131, o sitelerin g\u00fcvenli oldu\u011fu anlam\u0131na gelmemekte ve bu alanda g\u00fcvenlik tamamen kullan\u0131c\u0131n\u0131n sorumlulu\u011fundad\u0131r. D\u0131\u015f sitelere y\u00f6nlendiren bir ba\u011flant\u0131ya t\u0131klad\u0131\u011f\u0131n\u0131zda bu sitelerin 3. \u015fah\u0131slar taraf\u0131ndan haz\u0131rlanmas\u0131 ve kontrol edilmesi sebebiyle Markahikayecisi.com\u00a0sorumluluk alan\u0131ndan \u00e7\u0131k\u0131lm\u0131\u015f oldu\u011funu, bu noktadan sonra kullan\u0131c\u0131 Markahikayecisi.com\u2019un hi\u00e7bir \u015fekilde sorumlulu\u011funun olmad\u0131\u011f\u0131n\u0131 kabul eder. Site kullan\u0131m\u0131 esnas\u0131nda olu\u015fabilecek herhangi bir hata, kesinti, bilgi naklinde gecikme, bilgisayar vir\u00fcs\u00fc, hat ve elektrik ar\u0131zas\u0131 sonucunda ortaya \u00e7\u0131kabilecek do\u011frudan veya dolayl\u0131 zarar, ziyan ve masraflardan Markahikayecisi.com\u00a0sorumlu de\u011fildir. Benzer bi\u00e7imde ba\u015fka sitelerden Markahikayecisi.com\u2019un izni olsun ya da olmas\u0131n Markahikayecisi.com&#8217;a link verildi\u011finde de, bu t\u00fcr linklerin kontrol edilememesinden kaynaklanan yap\u0131 nedeniyle Markahikayecisi.com\u2019un herhangi bir sorumlulu\u011fu bulunmamaktad\u0131r.<\/p>\n","protected":false},"excerpt":{"rendered":"<p>En yeni haberleri, yorumlar\u0131 ve bilgileri okuyucular\u0131yla payla\u015fmak \u00fczere kurulan Markahikayecisi.com\u2019u ziyaret ederek ve ger\u00e7ekle\u015ftirdi\u011fi kampanyalara&#8230;<\/p>","protected":false},"author":1,"featured_media":0,"parent":0,"menu_order":0,"comment_status":"open","ping_status":"open","template":"","meta":{"ngg_post_thumbnail":0,"footnotes":""},"categories":[],"tags":[],"yoast_head":"<!-- This site is optimized with the Yoast SEO plugin v23.5 - https:\/\/yoast.com\/wordpress\/plugins\/seo\/ -->\n<title>Kullan\u0131m Ko\u015fullar\u0131 - MarkaHikayecisi<\/title>\n<meta name=\"robots\" content=\"index, follow, max-snippet:-1, max-image-preview:large, max-video-preview:-1\" \/>\n<link rel=\"canonical\" href=\"https:\/\/markahikayecisi.com\/?page_id=455\" \/>\n<meta property=\"og:locale\" content=\"tr_TR\" \/>\n<meta property=\"og:type\" content=\"article\" \/>\n<meta property=\"og:title\" content=\"Kullan\u0131m Ko\u015fullar\u0131 - MarkaHikayecisi\" \/>\n<meta property=\"og:description\" content=\"En yeni haberleri, yorumlar\u0131 ve bilgileri okuyucular\u0131yla payla\u015fmak \u00fczere kurulan Markahikayecisi.com\u2019u ziyaret ederek ve ger\u00e7ekle\u015ftirdi\u011fi kampanyalara...\" \/>\n<meta property=\"og:url\" content=\"https:\/\/markahikayecisi.com\/?page_id=455\" \/>\n<meta property=\"og:site_name\" content=\"MarkaHikayecisi\" \/>\n<meta property=\"article:modified_time\" content=\"2015-02-16T12:14:55+00:00\" \/>\n<meta name=\"twitter:card\" content=\"summary_large_image\" \/>\n<meta name=\"twitter:label1\" content=\"Tahmini okuma s\u00fcresi\" \/>\n\t<meta name=\"twitter:data1\" content=\"3 dakika\" \/>\n<script type=\"application\/ld+json\" class=\"yoast-schema-graph\">{\"@context\":\"https:\/\/schema.org\",\"@graph\":[{\"@type\":\"WebPage\",\"@id\":\"https:\/\/markahikayecisi.com\/?page_id=455\",\"url\":\"https:\/\/markahikayecisi.com\/?page_id=455\",\"name\":\"Kullan\u0131m Ko\u015fullar\u0131 - MarkaHikayecisi\",\"isPartOf\":{\"@id\":\"https:\/\/markahikayecisi.com\/#website\"},\"datePublished\":\"2015-02-13T13:14:06+00:00\",\"dateModified\":\"2015-02-16T12:14:55+00:00\",\"breadcrumb\":{\"@id\":\"https:\/\/markahikayecisi.com\/?page_id=455#breadcrumb\"},\"inLanguage\":\"tr\",\"potentialAction\":[{\"@type\":\"ReadAction\",\"target\":[\"https:\/\/markahikayecisi.com\/?page_id=455\"]}]},{\"@type\":\"BreadcrumbList\",\"@id\":\"https:\/\/markahikayecisi.com\/?page_id=455#breadcrumb\",\"itemListElement\":[{\"@type\":\"ListItem\",\"position\":1,\"name\":\"Anasayfa\",\"item\":\"https:\/\/markahikayecisi.com\/\"},{\"@type\":\"ListItem\",\"position\":2,\"name\":\"Kullan\u0131m Ko\u015fullar\u0131\"}]},{\"@type\":\"WebSite\",\"@id\":\"https:\/\/markahikayecisi.com\/#website\",\"url\":\"https:\/\/markahikayecisi.com\/\",\"name\":\"MarkaHikayecisi\",\"description\":\"Moda, Tasar\u0131m ve L\u00fcks T\u00fcketim Pazarlamas\u0131 \u00dczerine\",\"potentialAction\":[{\"@type\":\"SearchAction\",\"target\":{\"@type\":\"EntryPoint\",\"urlTemplate\":\"https:\/\/markahikayecisi.com\/?s={search_term_string}\"},\"query-input\":{\"@type\":\"PropertyValueSpecification\",\"valueRequired\":true,\"valueName\":\"search_term_string\"}}],\"inLanguage\":\"tr\"}]}<\/script>\n<!-- \/ Yoast SEO plugin. -->","yoast_head_json":{"title":"Kullan\u0131m Ko\u015fullar\u0131 - MarkaHikayecisi","robots":{"index":"index","follow":"follow","max-snippet":"max-snippet:-1","max-image-preview":"max-image-preview:large","max-video-preview":"max-video-preview:-1"},"canonical":"https:\/\/markahikayecisi.com\/?page_id=455","og_locale":"tr_TR","og_type":"article","og_title":"Kullan\u0131m Ko\u015fullar\u0131 - MarkaHikayecisi","og_description":"En yeni haberleri, yorumlar\u0131 ve bilgileri okuyucular\u0131yla payla\u015fmak \u00fczere kurulan Markahikayecisi.com\u2019u ziyaret ederek ve ger\u00e7ekle\u015ftirdi\u011fi kampanyalara...","og_url":"https:\/\/markahikayecisi.com\/?page_id=455","og_site_name":"MarkaHikayecisi","article_modified_time":"2015-02-16T12:14:55+00:00","twitter_card":"summary_large_image","twitter_misc":{"Tahmini okuma s\u00fcresi":"3 dakika"},"schema":{"@context":"https:\/\/schema.org","@graph":[{"@type":"WebPage","@id":"https:\/\/markahikayecisi.com\/?page_id=455","url":"https:\/\/markahikayecisi.com\/?page_id=455","name":"Kullan\u0131m Ko\u015fullar\u0131 - MarkaHikayecisi","isPartOf":{"@id":"https:\/\/markahikayecisi.com\/#website"},"datePublished":"2015-02-13T13:14:06+00:00","dateModified":"2015-02-16T12:14:55+00:00","breadcrumb":{"@id":"https:\/\/markahikayecisi.com\/?page_id=455#breadcrumb"},"inLanguage":"tr","potentialAction":[{"@type":"ReadAction","target":["https:\/\/markahikayecisi.com\/?page_id=455"]}]},{"@type":"BreadcrumbList","@id":"https:\/\/markahikayecisi.com\/?page_id=455#breadcrumb","itemListElement":[{"@type":"ListItem","position":1,"name":"Anasayfa","item":"https:\/\/markahikayecisi.com\/"},{"@type":"ListItem","position":2,"name":"Kullan\u0131m Ko\u015fullar\u0131"}]},{"@type":"WebSite","@id":"https:\/\/markahikayecisi.com\/#website","url":"https:\/\/markahikayecisi.com\/","name":"MarkaHikayecisi","description":"Moda, Tasar\u0131m ve L\u00fcks T\u00fcketim Pazarlamas\u0131 \u00dczerine","potentialAction":[{"@type":"SearchAction","target":{"@type":"EntryPoint","urlTemplate":"https:\/\/markahikayecisi.com\/?s={search_term_string}"},"query-input":{"@type":"PropertyValueSpecification","valueRequired":true,"valueName":"search_term_string"}}],"inLanguage":"tr"}]}},"_links":{"self":[{"href":"https:\/\/markahikayecisi.com\/index.php?rest_route=\/wp\/v2\/pages\/455"}],"collection":[{"href":"https:\/\/markahikayecisi.com\/index.php?rest_route=\/wp\/v2\/pages"}],"about":[{"href":"https:\/\/markahikayecisi.com\/index.php?rest_route=\/wp\/v2\/types\/page"}],"author":[{"embeddable":true,"href":"https:\/\/markahikayecisi.com\/index.php?rest_route=\/wp\/v2\/users\/1"}],"replies":[{"embeddable":true,"href":"https:\/\/markahikayecisi.com\/index.php?rest_route=%2Fwp%2Fv2%2Fcomments&post=455"}],"version-history":[{"count":5,"href":"https:\/\/markahikayecisi.com\/index.php?rest_route=\/wp\/v2\/pages\/455\/revisions"}],"predecessor-version":[{"id":475,"href":"https:\/\/markahikayecisi.com\/index.php?rest_route=\/wp\/v2\/pages\/455\/revisions\/475"}],"wp:attachment":[{"href":"https:\/\/markahikayecisi.com\/index.php?rest_route=%2Fwp%2Fv2%2Fmedia&parent=455"}],"wp:term":[{"taxonomy":"category","embeddable":true,"href":"https:\/\/markahikayecisi.com\/index.php?rest_route=%2Fwp%2Fv2%2Fcategories&post=455"},{"taxonomy":"post_tag","embeddable":true,"href":"https:\/\/markahikayecisi.com\/index.php?rest_route=%2Fwp%2Fv2%2Ftags&post=455"}],"curies":[{"name":"wp","href":"https:\/\/api.w.org\/{rel}","templated":true}]}}