{"id":319,"date":"2016-12-16T11:10:15","date_gmt":"2016-12-16T09:10:15","guid":{"rendered":"http:\/\/markahikayecisi.com\/?page_id=319"},"modified":"2019-02-11T09:26:49","modified_gmt":"2019-02-11T07:26:49","slug":"nerede-egitim-verdim","status":"publish","type":"page","link":"https:\/\/markahikayecisi.com\/?page_id=319","title":{"rendered":"E\u011fitimler"},"content":{"rendered":"<p><a href=\"http:\/\/markahikayecisi.com\/wp-content\/uploads\/2016\/12\/IMG_3162.jpg\"><img fetchpriority=\"high\" decoding=\"async\" class=\"alignleft size-medium wp-image-1775\" src=\"http:\/\/markahikayecisi.com\/wp-content\/uploads\/2016\/12\/IMG_3162-300x250.jpg\" alt=\"img_3162\" width=\"300\" height=\"250\" srcset=\"https:\/\/markahikayecisi.com\/wp-content\/uploads\/2016\/12\/IMG_3162-300x250.jpg 300w, https:\/\/markahikayecisi.com\/wp-content\/uploads\/2016\/12\/IMG_3162-768x641.jpg 768w, https:\/\/markahikayecisi.com\/wp-content\/uploads\/2016\/12\/IMG_3162-1024x855.jpg 1024w, https:\/\/markahikayecisi.com\/wp-content\/uploads\/2016\/12\/IMG_3162-880x735.jpg 880w, https:\/\/markahikayecisi.com\/wp-content\/uploads\/2016\/12\/IMG_3162-515x430.jpg 515w, https:\/\/markahikayecisi.com\/wp-content\/uploads\/2016\/12\/IMG_3162.jpg 1150w\" sizes=\"(max-width: 300px) 100vw, 300px\" \/><\/a>&#8211;<strong>27 Mart 2016: &nbsp;<\/strong><a href=\"https:\/\/www.ku.edu.tr\/en\">Ko\u00e7 \u00dcniversitesi<\/a>&#8211; MBA S\u0131n\u0131f\u0131- Moda ve L\u00fcks T\u00fcketim D\u00fcnyas\u0131n\u0131 \u015eekillendiren Trendler, Kar\u015f\u0131la\u015f\u0131lan Dilemma&#8217;lar, De\u011fi\u015fen \u0130leti\u015fim Modelleri<\/p>\n<p><strong>-21 Eyl\u00fcl 2016:&nbsp;<\/strong>&nbsp;<a href=\"https:\/\/modakariyeri.com\/\">ModaKariyeri.Com<\/a>&#8211; Moda K\u00fcr\u00fc- L\u00fcks T\u00fcketim D\u00fcnyas\u0131na Y\u00f6n Veren Trendler<\/p>\n<p><strong>-23 Kas\u0131m 2016:&nbsp;<\/strong>&nbsp;<a href=\"http:\/\/www.ieu.edu.tr\/en\">\u0130zmir Ekonomi \u00dcniversitesi<\/a>&#8211; L\u00fcks T\u00fcketim D\u00fcnyas\u0131na Y\u00f6n Veren Trendler<\/p>\n<p>&#8211;<strong>05 Nisan 2017<\/strong>:&nbsp;<a href=\"http:\/\/www.modakariyeri.com\" target=\"_blank\" rel=\"noopener noreferrer\">ModaKariyeri.com<\/a>&#8211; Moda K\u00fcr\u00fc- Modan\u0131n Zamans\u0131z Par\u00e7alar\u0131<\/p>\n<p><strong>-02 May\u0131s 2017:<\/strong> <a href=\"https:\/\/www.ku.edu.tr\/tr\/home\" target=\"_blank\" rel=\"noopener noreferrer\">Ko\u00e7 \u00dcniversitesi<\/a>&#8211; L\u00fcks T\u00fcketimde Modern D\u00fcnya Trendleri<a href=\"http:\/\/markahikayecisi.com\/wp-content\/uploads\/2016\/12\/IMG_0803.jpg\"><img decoding=\"async\" class=\"alignright size-medium wp-image-1991\" src=\"http:\/\/markahikayecisi.com\/wp-content\/uploads\/2016\/12\/IMG_0803-240x300.jpg\" alt=\"\" width=\"240\" height=\"300\" srcset=\"https:\/\/markahikayecisi.com\/wp-content\/uploads\/2016\/12\/IMG_0803-240x300.jpg 240w, https:\/\/markahikayecisi.com\/wp-content\/uploads\/2016\/12\/IMG_0803-768x960.jpg 768w, https:\/\/markahikayecisi.com\/wp-content\/uploads\/2016\/12\/IMG_0803-819x1024.jpg 819w, https:\/\/markahikayecisi.com\/wp-content\/uploads\/2016\/12\/IMG_0803-588x735.jpg 588w, https:\/\/markahikayecisi.com\/wp-content\/uploads\/2016\/12\/IMG_0803-344x430.jpg 344w, https:\/\/markahikayecisi.com\/wp-content\/uploads\/2016\/12\/IMG_0803.jpg 1240w\" sizes=\"(max-width: 240px) 100vw, 240px\" \/><\/a><\/p>\n<p><strong>-11 Temmuz 2017:<\/strong> Kapha Ala\u00e7at\u0131- Wine &amp; Luxury Trends, anlat\u0131m ve \u015farap tad\u0131m\u0131. \u015earap ile ilgili olan k\u0131sm\u0131n anlat\u0131m\u0131 ve \u015farap tad\u0131m\u0131n\u0131 Meltem Co\u015fkun, l\u00fcks ile ilgili olan k\u0131sm\u0131n anlat\u0131m\u0131n\u0131 Beg\u00fcm Egeli Bursal\u0131gil \u00fcstlenmi\u015ftir.<\/p>\n<p><strong>-12 Eyl\u00fcl 2017:<\/strong> PayU T\u00fcrkiye- T\u00fcrkiye&#8217;de Moda Sekt\u00f6r\u00fc ve Moda Giri\u015fimcili\u011fi. Konu\u015fmac\u0131lar, Seda Y\u0131lmaz, Asl\u0131 \u00d6zbek, Beg\u00fcm Egeli Bursal\u0131gil<\/p>\n<p><strong>-7 Kas\u0131m 2018:<\/strong> Paper&amp; Party, Adana- Modan\u0131n Zaman\u0131nz Par\u00e7alar\u0131<\/p>\n<p>&nbsp;<\/p>\n<p>&nbsp;<\/p>\n","protected":false},"excerpt":{"rendered":"<p>&#8211;27 Mart 2016: &nbsp;Ko\u00e7 \u00dcniversitesi&#8211; MBA S\u0131n\u0131f\u0131- Moda ve L\u00fcks T\u00fcketim D\u00fcnyas\u0131n\u0131 \u015eekillendiren Trendler, Kar\u015f\u0131la\u015f\u0131lan Dilemma&#8217;lar,&#8230;<\/p>","protected":false},"author":1,"featured_media":1775,"parent":0,"menu_order":0,"comment_status":"open","ping_status":"open","template":"","meta":{"ngg_post_thumbnail":0,"footnotes":""},"categories":[],"tags":[],"yoast_head":"<!-- This site is optimized with the Yoast SEO plugin v23.5 - https:\/\/yoast.com\/wordpress\/plugins\/seo\/ -->\n<title>E\u011fitimler - MarkaHikayecisi<\/title>\n<meta name=\"robots\" content=\"index, follow, max-snippet:-1, max-image-preview:large, max-video-preview:-1\" \/>\n<link rel=\"canonical\" href=\"https:\/\/markahikayecisi.com\/?page_id=319\" \/>\n<meta property=\"og:locale\" content=\"tr_TR\" \/>\n<meta property=\"og:type\" content=\"article\" \/>\n<meta property=\"og:title\" content=\"E\u011fitimler - MarkaHikayecisi\" \/>\n<meta property=\"og:description\" content=\"&#8211;27 Mart 2016: &nbsp;Ko\u00e7 \u00dcniversitesi&#8211; MBA S\u0131n\u0131f\u0131- Moda ve L\u00fcks T\u00fcketim D\u00fcnyas\u0131n\u0131 \u015eekillendiren Trendler, Kar\u015f\u0131la\u015f\u0131lan Dilemma&#8217;lar,...\" \/>\n<meta property=\"og:url\" content=\"https:\/\/markahikayecisi.com\/?page_id=319\" \/>\n<meta property=\"og:site_name\" content=\"MarkaHikayecisi\" \/>\n<meta property=\"article:modified_time\" content=\"2019-02-11T07:26:49+00:00\" \/>\n<meta property=\"og:image\" content=\"https:\/\/markahikayecisi.com\/wp-content\/uploads\/2016\/12\/IMG_3162.jpg\" \/>\n\t<meta property=\"og:image:width\" content=\"1150\" \/>\n\t<meta property=\"og:image:height\" content=\"960\" \/>\n\t<meta property=\"og:image:type\" content=\"image\/jpeg\" \/>\n<meta name=\"twitter:card\" content=\"summary_large_image\" \/>\n<meta name=\"twitter:label1\" content=\"Tahmini okuma s\u00fcresi\" \/>\n\t<meta name=\"twitter:data1\" content=\"1 dakika\" \/>\n<script type=\"application\/ld+json\" class=\"yoast-schema-graph\">{\"@context\":\"https:\/\/schema.org\",\"@graph\":[{\"@type\":\"WebPage\",\"@id\":\"https:\/\/markahikayecisi.com\/?page_id=319\",\"url\":\"https:\/\/markahikayecisi.com\/?page_id=319\",\"name\":\"E\u011fitimler - MarkaHikayecisi\",\"isPartOf\":{\"@id\":\"https:\/\/markahikayecisi.com\/#website\"},\"primaryImageOfPage\":{\"@id\":\"https:\/\/markahikayecisi.com\/?page_id=319#primaryimage\"},\"image\":{\"@id\":\"https:\/\/markahikayecisi.com\/?page_id=319#primaryimage\"},\"thumbnailUrl\":\"https:\/\/markahikayecisi.com\/wp-content\/uploads\/2016\/12\/IMG_3162.jpg\",\"datePublished\":\"2016-12-16T09:10:15+00:00\",\"dateModified\":\"2019-02-11T07:26:49+00:00\",\"breadcrumb\":{\"@id\":\"https:\/\/markahikayecisi.com\/?page_id=319#breadcrumb\"},\"inLanguage\":\"tr\",\"potentialAction\":[{\"@type\":\"ReadAction\",\"target\":[\"https:\/\/markahikayecisi.com\/?page_id=319\"]}]},{\"@type\":\"ImageObject\",\"inLanguage\":\"tr\",\"@id\":\"https:\/\/markahikayecisi.com\/?page_id=319#primaryimage\",\"url\":\"https:\/\/markahikayecisi.com\/wp-content\/uploads\/2016\/12\/IMG_3162.jpg\",\"contentUrl\":\"https:\/\/markahikayecisi.com\/wp-content\/uploads\/2016\/12\/IMG_3162.jpg\",\"width\":1150,\"height\":960},{\"@type\":\"BreadcrumbList\",\"@id\":\"https:\/\/markahikayecisi.com\/?page_id=319#breadcrumb\",\"itemListElement\":[{\"@type\":\"ListItem\",\"position\":1,\"name\":\"Anasayfa\",\"item\":\"https:\/\/markahikayecisi.com\/\"},{\"@type\":\"ListItem\",\"position\":2,\"name\":\"E\u011fitimler\"}]},{\"@type\":\"WebSite\",\"@id\":\"https:\/\/markahikayecisi.com\/#website\",\"url\":\"https:\/\/markahikayecisi.com\/\",\"name\":\"MarkaHikayecisi\",\"description\":\"Moda, Tasar\u0131m ve L\u00fcks T\u00fcketim Pazarlamas\u0131 \u00dczerine\",\"potentialAction\":[{\"@type\":\"SearchAction\",\"target\":{\"@type\":\"EntryPoint\",\"urlTemplate\":\"https:\/\/markahikayecisi.com\/?s={search_term_string}\"},\"query-input\":{\"@type\":\"PropertyValueSpecification\",\"valueRequired\":true,\"valueName\":\"search_term_string\"}}],\"inLanguage\":\"tr\"}]}<\/script>\n<!-- \/ Yoast SEO plugin. -->","yoast_head_json":{"title":"E\u011fitimler - MarkaHikayecisi","robots":{"index":"index","follow":"follow","max-snippet":"max-snippet:-1","max-image-preview":"max-image-preview:large","max-video-preview":"max-video-preview:-1"},"canonical":"https:\/\/markahikayecisi.com\/?page_id=319","og_locale":"tr_TR","og_type":"article","og_title":"E\u011fitimler - MarkaHikayecisi","og_description":"&#8211;27 Mart 2016: &nbsp;Ko\u00e7 \u00dcniversitesi&#8211; MBA S\u0131n\u0131f\u0131- Moda ve L\u00fcks T\u00fcketim D\u00fcnyas\u0131n\u0131 \u015eekillendiren Trendler, Kar\u015f\u0131la\u015f\u0131lan Dilemma&#8217;lar,...","og_url":"https:\/\/markahikayecisi.com\/?page_id=319","og_site_name":"MarkaHikayecisi","article_modified_time":"2019-02-11T07:26:49+00:00","og_image":[{"width":1150,"height":960,"url":"https:\/\/markahikayecisi.com\/wp-content\/uploads\/2016\/12\/IMG_3162.jpg","type":"image\/jpeg"}],"twitter_card":"summary_large_image","twitter_misc":{"Tahmini okuma s\u00fcresi":"1 dakika"},"schema":{"@context":"https:\/\/schema.org","@graph":[{"@type":"WebPage","@id":"https:\/\/markahikayecisi.com\/?page_id=319","url":"https:\/\/markahikayecisi.com\/?page_id=319","name":"E\u011fitimler - MarkaHikayecisi","isPartOf":{"@id":"https:\/\/markahikayecisi.com\/#website"},"primaryImageOfPage":{"@id":"https:\/\/markahikayecisi.com\/?page_id=319#primaryimage"},"image":{"@id":"https:\/\/markahikayecisi.com\/?page_id=319#primaryimage"},"thumbnailUrl":"https:\/\/markahikayecisi.com\/wp-content\/uploads\/2016\/12\/IMG_3162.jpg","datePublished":"2016-12-16T09:10:15+00:00","dateModified":"2019-02-11T07:26:49+00:00","breadcrumb":{"@id":"https:\/\/markahikayecisi.com\/?page_id=319#breadcrumb"},"inLanguage":"tr","potentialAction":[{"@type":"ReadAction","target":["https:\/\/markahikayecisi.com\/?page_id=319"]}]},{"@type":"ImageObject","inLanguage":"tr","@id":"https:\/\/markahikayecisi.com\/?page_id=319#primaryimage","url":"https:\/\/markahikayecisi.com\/wp-content\/uploads\/2016\/12\/IMG_3162.jpg","contentUrl":"https:\/\/markahikayecisi.com\/wp-content\/uploads\/2016\/12\/IMG_3162.jpg","width":1150,"height":960},{"@type":"BreadcrumbList","@id":"https:\/\/markahikayecisi.com\/?page_id=319#breadcrumb","itemListElement":[{"@type":"ListItem","position":1,"name":"Anasayfa","item":"https:\/\/markahikayecisi.com\/"},{"@type":"ListItem","position":2,"name":"E\u011fitimler"}]},{"@type":"WebSite","@id":"https:\/\/markahikayecisi.com\/#website","url":"https:\/\/markahikayecisi.com\/","name":"MarkaHikayecisi","description":"Moda, Tasar\u0131m ve L\u00fcks T\u00fcketim Pazarlamas\u0131 \u00dczerine","potentialAction":[{"@type":"SearchAction","target":{"@type":"EntryPoint","urlTemplate":"https:\/\/markahikayecisi.com\/?s={search_term_string}"},"query-input":{"@type":"PropertyValueSpecification","valueRequired":true,"valueName":"search_term_string"}}],"inLanguage":"tr"}]}},"_links":{"self":[{"href":"https:\/\/markahikayecisi.com\/index.php?rest_route=\/wp\/v2\/pages\/319"}],"collection":[{"href":"https:\/\/markahikayecisi.com\/index.php?rest_route=\/wp\/v2\/pages"}],"about":[{"href":"https:\/\/markahikayecisi.com\/index.php?rest_route=\/wp\/v2\/types\/page"}],"author":[{"embeddable":true,"href":"https:\/\/markahikayecisi.com\/index.php?rest_route=\/wp\/v2\/users\/1"}],"replies":[{"embeddable":true,"href":"https:\/\/markahikayecisi.com\/index.php?rest_route=%2Fwp%2Fv2%2Fcomments&post=319"}],"version-history":[{"count":8,"href":"https:\/\/markahikayecisi.com\/index.php?rest_route=\/wp\/v2\/pages\/319\/revisions"}],"predecessor-version":[{"id":2163,"href":"https:\/\/markahikayecisi.com\/index.php?rest_route=\/wp\/v2\/pages\/319\/revisions\/2163"}],"wp:featuredmedia":[{"embeddable":true,"href":"https:\/\/markahikayecisi.com\/index.php?rest_route=\/wp\/v2\/media\/1775"}],"wp:attachment":[{"href":"https:\/\/markahikayecisi.com\/index.php?rest_route=%2Fwp%2Fv2%2Fmedia&parent=319"}],"wp:term":[{"taxonomy":"category","embeddable":true,"href":"https:\/\/markahikayecisi.com\/index.php?rest_route=%2Fwp%2Fv2%2Fcategories&post=319"},{"taxonomy":"post_tag","embeddable":true,"href":"https:\/\/markahikayecisi.com\/index.php?rest_route=%2Fwp%2Fv2%2Ftags&post=319"}],"curies":[{"name":"wp","href":"https:\/\/api.w.org\/{rel}","templated":true}]}}